{"id":2100,"date":"2019-11-13T13:26:49","date_gmt":"2019-11-13T16:26:49","guid":{"rendered":"https:\/\/www.loberiasdelsur.cl\/guias\/"},"modified":"2023-03-14T17:35:14","modified_gmt":"2023-03-14T20:35:14","slug":"guides","status":"publish","type":"page","link":"https:\/\/www.loberiasdelsur.cl\/en\/guides\/","title":{"rendered":"Guides"},"content":{"rendered":"","protected":false},"excerpt":{"rendered":"","protected":false},"author":6,"featured_media":0,"parent":0,"menu_order":0,"comment_status":"closed","ping_status":"closed","template":"","meta":{"_acf_changed":false,"footnotes":""},"class_list":["post-2100","page","type-page","status-publish","hentry"],"acf":[],"yoast_head":"<!-- This site is optimized with the Yoast SEO plugin v27.5 - https:\/\/yoast.com\/product\/yoast-seo-wordpress\/ -->\n<title>Guides &#187; Hotel Lober\u00edas del Sur<\/title>\n<meta name=\"description\" content=\"Gu\u00edas Tur\u00edsticos Hotel Lober\u00edas del Sur, viaja con gu\u00edas expertos en la regi\u00f3n.\" \/>\n<meta name=\"robots\" content=\"index, follow, max-snippet:-1, max-image-preview:large, max-video-preview:-1\" \/>\n<link rel=\"canonical\" href=\"https:\/\/www.loberiasdelsur.cl\/en\/guides\/\" \/>\n<meta property=\"og:locale\" content=\"en_US\" \/>\n<meta property=\"og:type\" content=\"article\" \/>\n<meta property=\"og:title\" content=\"Guides &#187; Hotel Lober\u00edas del Sur\" \/>\n<meta property=\"og:description\" content=\"Gu\u00edas Tur\u00edsticos Hotel Lober\u00edas del Sur, viaja con gu\u00edas expertos en la regi\u00f3n.\" \/>\n<meta property=\"og:url\" content=\"https:\/\/www.loberiasdelsur.cl\/en\/guides\/\" \/>\n<meta property=\"og:site_name\" content=\"Hotel Lober\u00edas del Sur\" \/>\n<meta property=\"article:modified_time\" content=\"2023-03-14T20:35:14+00:00\" \/>\n<meta name=\"twitter:card\" content=\"summary_large_image\" \/>\n<script type=\"application\/ld+json\" class=\"yoast-schema-graph\">{\"@context\":\"https:\\\/\\\/schema.org\",\"@graph\":[{\"@type\":\"WebPage\",\"@id\":\"https:\\\/\\\/www.loberiasdelsur.cl\\\/en\\\/guides\\\/\",\"url\":\"https:\\\/\\\/www.loberiasdelsur.cl\\\/en\\\/guides\\\/\",\"name\":\"Guides &#187; Hotel Lober\u00edas del Sur\",\"isPartOf\":{\"@id\":\"https:\\\/\\\/www.loberiasdelsur.cl\\\/#website\"},\"datePublished\":\"2019-11-13T16:26:49+00:00\",\"dateModified\":\"2023-03-14T20:35:14+00:00\",\"description\":\"Gu\u00edas Tur\u00edsticos Hotel Lober\u00edas del Sur, viaja con gu\u00edas expertos en la regi\u00f3n.\",\"breadcrumb\":{\"@id\":\"https:\\\/\\\/www.loberiasdelsur.cl\\\/en\\\/guides\\\/#breadcrumb\"},\"inLanguage\":\"en-US\",\"potentialAction\":[{\"@type\":\"ReadAction\",\"target\":[\"https:\\\/\\\/www.loberiasdelsur.cl\\\/en\\\/guides\\\/\"]}]},{\"@type\":\"BreadcrumbList\",\"@id\":\"https:\\\/\\\/www.loberiasdelsur.cl\\\/en\\\/guides\\\/#breadcrumb\",\"itemListElement\":[{\"@type\":\"ListItem\",\"position\":1,\"name\":\"Portada\",\"item\":\"https:\\\/\\\/www.loberiasdelsur.cl\\\/en\\\/\"},{\"@type\":\"ListItem\",\"position\":2,\"name\":\"Guides\"}]},{\"@type\":\"WebSite\",\"@id\":\"https:\\\/\\\/www.loberiasdelsur.cl\\\/#website\",\"url\":\"https:\\\/\\\/www.loberiasdelsur.cl\\\/\",\"name\":\"Hotel Lober\u00edas del Sur\",\"description\":\"\",\"potentialAction\":[{\"@type\":\"SearchAction\",\"target\":{\"@type\":\"EntryPoint\",\"urlTemplate\":\"https:\\\/\\\/www.loberiasdelsur.cl\\\/?s={search_term_string}\"},\"query-input\":{\"@type\":\"PropertyValueSpecification\",\"valueRequired\":true,\"valueName\":\"search_term_string\"}}],\"inLanguage\":\"en-US\"}]}<\/script>\n<!-- \/ Yoast SEO plugin. -->","yoast_head_json":{"title":"Guides &#187; Hotel Lober\u00edas del Sur","description":"Gu\u00edas Tur\u00edsticos Hotel Lober\u00edas del Sur, viaja con gu\u00edas expertos en la regi\u00f3n.","robots":{"index":"index","follow":"follow","max-snippet":"max-snippet:-1","max-image-preview":"max-image-preview:large","max-video-preview":"max-video-preview:-1"},"canonical":"https:\/\/www.loberiasdelsur.cl\/en\/guides\/","og_locale":"en_US","og_type":"article","og_title":"Guides &#187; Hotel Lober\u00edas del Sur","og_description":"Gu\u00edas Tur\u00edsticos Hotel Lober\u00edas del Sur, viaja con gu\u00edas expertos en la regi\u00f3n.","og_url":"https:\/\/www.loberiasdelsur.cl\/en\/guides\/","og_site_name":"Hotel Lober\u00edas del Sur","article_modified_time":"2023-03-14T20:35:14+00:00","twitter_card":"summary_large_image","schema":{"@context":"https:\/\/schema.org","@graph":[{"@type":"WebPage","@id":"https:\/\/www.loberiasdelsur.cl\/en\/guides\/","url":"https:\/\/www.loberiasdelsur.cl\/en\/guides\/","name":"Guides &#187; Hotel Lober\u00edas del Sur","isPartOf":{"@id":"https:\/\/www.loberiasdelsur.cl\/#website"},"datePublished":"2019-11-13T16:26:49+00:00","dateModified":"2023-03-14T20:35:14+00:00","description":"Gu\u00edas Tur\u00edsticos Hotel Lober\u00edas del Sur, viaja con gu\u00edas expertos en la regi\u00f3n.","breadcrumb":{"@id":"https:\/\/www.loberiasdelsur.cl\/en\/guides\/#breadcrumb"},"inLanguage":"en-US","potentialAction":[{"@type":"ReadAction","target":["https:\/\/www.loberiasdelsur.cl\/en\/guides\/"]}]},{"@type":"BreadcrumbList","@id":"https:\/\/www.loberiasdelsur.cl\/en\/guides\/#breadcrumb","itemListElement":[{"@type":"ListItem","position":1,"name":"Portada","item":"https:\/\/www.loberiasdelsur.cl\/en\/"},{"@type":"ListItem","position":2,"name":"Guides"}]},{"@type":"WebSite","@id":"https:\/\/www.loberiasdelsur.cl\/#website","url":"https:\/\/www.loberiasdelsur.cl\/","name":"Hotel Lober\u00edas del Sur","description":"","potentialAction":[{"@type":"SearchAction","target":{"@type":"EntryPoint","urlTemplate":"https:\/\/www.loberiasdelsur.cl\/?s={search_term_string}"},"query-input":{"@type":"PropertyValueSpecification","valueRequired":true,"valueName":"search_term_string"}}],"inLanguage":"en-US"}]}},"_links":{"self":[{"href":"https:\/\/www.loberiasdelsur.cl\/en\/wp-json\/wp\/v2\/pages\/2100","targetHints":{"allow":["GET"]}}],"collection":[{"href":"https:\/\/www.loberiasdelsur.cl\/en\/wp-json\/wp\/v2\/pages"}],"about":[{"href":"https:\/\/www.loberiasdelsur.cl\/en\/wp-json\/wp\/v2\/types\/page"}],"author":[{"embeddable":true,"href":"https:\/\/www.loberiasdelsur.cl\/en\/wp-json\/wp\/v2\/users\/6"}],"replies":[{"embeddable":true,"href":"https:\/\/www.loberiasdelsur.cl\/en\/wp-json\/wp\/v2\/comments?post=2100"}],"version-history":[{"count":42,"href":"https:\/\/www.loberiasdelsur.cl\/en\/wp-json\/wp\/v2\/pages\/2100\/revisions"}],"predecessor-version":[{"id":3874,"href":"https:\/\/www.loberiasdelsur.cl\/en\/wp-json\/wp\/v2\/pages\/2100\/revisions\/3874"}],"wp:attachment":[{"href":"https:\/\/www.loberiasdelsur.cl\/en\/wp-json\/wp\/v2\/media?parent=2100"}],"curies":[{"name":"wp","href":"https:\/\/api.w.org\/{rel}","templated":true}]}}