{"id":7069,"date":"2026-03-24T17:31:55","date_gmt":"2026-03-24T20:31:55","guid":{"rendered":"https:\/\/www.loberiasdelsur.cl\/politica-de-modificaciones-y-anulaciones\/"},"modified":"2026-03-24T18:10:12","modified_gmt":"2026-03-24T21:10:12","slug":"politica-de-modificaciones-y-anulaciones","status":"publish","type":"page","link":"https:\/\/www.loberiasdelsur.cl\/en\/politica-de-modificaciones-y-anulaciones\/","title":{"rendered":"Modifications and cancellations policy"},"content":{"rendered":"","protected":false},"excerpt":{"rendered":"","protected":false},"author":6,"featured_media":0,"parent":0,"menu_order":0,"comment_status":"closed","ping_status":"closed","template":"","meta":{"_acf_changed":false,"footnotes":""},"class_list":["post-7069","page","type-page","status-publish","hentry"],"acf":[],"yoast_head":"<!-- This site is optimized with the Yoast SEO plugin v27.5 - https:\/\/yoast.com\/product\/yoast-seo-wordpress\/ -->\n<title>Modifications and cancellations policy &#187; Hotel Lober\u00edas del Sur<\/title>\n<meta name=\"description\" content=\"Las presentes Condiciones tienen aplicaci\u00f3n para los servicios de hoteler\u00eda, excursiones terrestres y mar\u00edtimas.\" \/>\n<meta name=\"robots\" content=\"index, follow, max-snippet:-1, max-image-preview:large, max-video-preview:-1\" \/>\n<link rel=\"canonical\" href=\"https:\/\/www.loberiasdelsur.cl\/en\/politica-de-modificaciones-y-anulaciones\/\" \/>\n<meta property=\"og:locale\" content=\"en_US\" \/>\n<meta property=\"og:type\" content=\"article\" \/>\n<meta property=\"og:title\" content=\"Modifications and cancellations policy &#187; Hotel Lober\u00edas del Sur\" \/>\n<meta property=\"og:description\" content=\"Las presentes Condiciones tienen aplicaci\u00f3n para los servicios de hoteler\u00eda, excursiones terrestres y mar\u00edtimas.\" \/>\n<meta property=\"og:url\" content=\"https:\/\/www.loberiasdelsur.cl\/en\/politica-de-modificaciones-y-anulaciones\/\" \/>\n<meta property=\"og:site_name\" content=\"Hotel Lober\u00edas del Sur\" \/>\n<meta property=\"article:modified_time\" content=\"2026-03-24T21:10:12+00:00\" \/>\n<meta name=\"twitter:card\" content=\"summary_large_image\" \/>\n<script type=\"application\/ld+json\" class=\"yoast-schema-graph\">{\"@context\":\"https:\\\/\\\/schema.org\",\"@graph\":[{\"@type\":\"WebPage\",\"@id\":\"https:\\\/\\\/www.loberiasdelsur.cl\\\/en\\\/politica-de-modificaciones-y-anulaciones\\\/\",\"url\":\"https:\\\/\\\/www.loberiasdelsur.cl\\\/en\\\/politica-de-modificaciones-y-anulaciones\\\/\",\"name\":\"Modifications and cancellations policy &#187; Hotel Lober\u00edas del Sur\",\"isPartOf\":{\"@id\":\"https:\\\/\\\/www.loberiasdelsur.cl\\\/#website\"},\"datePublished\":\"2026-03-24T20:31:55+00:00\",\"dateModified\":\"2026-03-24T21:10:12+00:00\",\"description\":\"Las presentes Condiciones tienen aplicaci\u00f3n para los servicios de hoteler\u00eda, excursiones terrestres y mar\u00edtimas.\",\"breadcrumb\":{\"@id\":\"https:\\\/\\\/www.loberiasdelsur.cl\\\/en\\\/politica-de-modificaciones-y-anulaciones\\\/#breadcrumb\"},\"inLanguage\":\"en-US\",\"potentialAction\":[{\"@type\":\"ReadAction\",\"target\":[\"https:\\\/\\\/www.loberiasdelsur.cl\\\/en\\\/politica-de-modificaciones-y-anulaciones\\\/\"]}]},{\"@type\":\"BreadcrumbList\",\"@id\":\"https:\\\/\\\/www.loberiasdelsur.cl\\\/en\\\/politica-de-modificaciones-y-anulaciones\\\/#breadcrumb\",\"itemListElement\":[{\"@type\":\"ListItem\",\"position\":1,\"name\":\"Portada\",\"item\":\"https:\\\/\\\/www.loberiasdelsur.cl\\\/en\\\/\"},{\"@type\":\"ListItem\",\"position\":2,\"name\":\"Modifications and cancellations policy\"}]},{\"@type\":\"WebSite\",\"@id\":\"https:\\\/\\\/www.loberiasdelsur.cl\\\/#website\",\"url\":\"https:\\\/\\\/www.loberiasdelsur.cl\\\/\",\"name\":\"Hotel Lober\u00edas del Sur\",\"description\":\"\",\"potentialAction\":[{\"@type\":\"SearchAction\",\"target\":{\"@type\":\"EntryPoint\",\"urlTemplate\":\"https:\\\/\\\/www.loberiasdelsur.cl\\\/?s={search_term_string}\"},\"query-input\":{\"@type\":\"PropertyValueSpecification\",\"valueRequired\":true,\"valueName\":\"search_term_string\"}}],\"inLanguage\":\"en-US\"}]}<\/script>\n<!-- \/ Yoast SEO plugin. -->","yoast_head_json":{"title":"Modifications and cancellations policy &#187; Hotel Lober\u00edas del Sur","description":"Las presentes Condiciones tienen aplicaci\u00f3n para los servicios de hoteler\u00eda, excursiones terrestres y mar\u00edtimas.","robots":{"index":"index","follow":"follow","max-snippet":"max-snippet:-1","max-image-preview":"max-image-preview:large","max-video-preview":"max-video-preview:-1"},"canonical":"https:\/\/www.loberiasdelsur.cl\/en\/politica-de-modificaciones-y-anulaciones\/","og_locale":"en_US","og_type":"article","og_title":"Modifications and cancellations policy &#187; Hotel Lober\u00edas del Sur","og_description":"Las presentes Condiciones tienen aplicaci\u00f3n para los servicios de hoteler\u00eda, excursiones terrestres y mar\u00edtimas.","og_url":"https:\/\/www.loberiasdelsur.cl\/en\/politica-de-modificaciones-y-anulaciones\/","og_site_name":"Hotel Lober\u00edas del Sur","article_modified_time":"2026-03-24T21:10:12+00:00","twitter_card":"summary_large_image","schema":{"@context":"https:\/\/schema.org","@graph":[{"@type":"WebPage","@id":"https:\/\/www.loberiasdelsur.cl\/en\/politica-de-modificaciones-y-anulaciones\/","url":"https:\/\/www.loberiasdelsur.cl\/en\/politica-de-modificaciones-y-anulaciones\/","name":"Modifications and cancellations policy &#187; Hotel Lober\u00edas del Sur","isPartOf":{"@id":"https:\/\/www.loberiasdelsur.cl\/#website"},"datePublished":"2026-03-24T20:31:55+00:00","dateModified":"2026-03-24T21:10:12+00:00","description":"Las presentes Condiciones tienen aplicaci\u00f3n para los servicios de hoteler\u00eda, excursiones terrestres y mar\u00edtimas.","breadcrumb":{"@id":"https:\/\/www.loberiasdelsur.cl\/en\/politica-de-modificaciones-y-anulaciones\/#breadcrumb"},"inLanguage":"en-US","potentialAction":[{"@type":"ReadAction","target":["https:\/\/www.loberiasdelsur.cl\/en\/politica-de-modificaciones-y-anulaciones\/"]}]},{"@type":"BreadcrumbList","@id":"https:\/\/www.loberiasdelsur.cl\/en\/politica-de-modificaciones-y-anulaciones\/#breadcrumb","itemListElement":[{"@type":"ListItem","position":1,"name":"Portada","item":"https:\/\/www.loberiasdelsur.cl\/en\/"},{"@type":"ListItem","position":2,"name":"Modifications and cancellations policy"}]},{"@type":"WebSite","@id":"https:\/\/www.loberiasdelsur.cl\/#website","url":"https:\/\/www.loberiasdelsur.cl\/","name":"Hotel Lober\u00edas del Sur","description":"","potentialAction":[{"@type":"SearchAction","target":{"@type":"EntryPoint","urlTemplate":"https:\/\/www.loberiasdelsur.cl\/?s={search_term_string}"},"query-input":{"@type":"PropertyValueSpecification","valueRequired":true,"valueName":"search_term_string"}}],"inLanguage":"en-US"}]}},"_links":{"self":[{"href":"https:\/\/www.loberiasdelsur.cl\/en\/wp-json\/wp\/v2\/pages\/7069","targetHints":{"allow":["GET"]}}],"collection":[{"href":"https:\/\/www.loberiasdelsur.cl\/en\/wp-json\/wp\/v2\/pages"}],"about":[{"href":"https:\/\/www.loberiasdelsur.cl\/en\/wp-json\/wp\/v2\/types\/page"}],"author":[{"embeddable":true,"href":"https:\/\/www.loberiasdelsur.cl\/en\/wp-json\/wp\/v2\/users\/6"}],"replies":[{"embeddable":true,"href":"https:\/\/www.loberiasdelsur.cl\/en\/wp-json\/wp\/v2\/comments?post=7069"}],"version-history":[{"count":1,"href":"https:\/\/www.loberiasdelsur.cl\/en\/wp-json\/wp\/v2\/pages\/7069\/revisions"}],"predecessor-version":[{"id":7072,"href":"https:\/\/www.loberiasdelsur.cl\/en\/wp-json\/wp\/v2\/pages\/7069\/revisions\/7072"}],"wp:attachment":[{"href":"https:\/\/www.loberiasdelsur.cl\/en\/wp-json\/wp\/v2\/media?parent=7069"}],"curies":[{"name":"wp","href":"https:\/\/api.w.org\/{rel}","templated":true}]}}